{"id":11,"date":"2026-04-17T14:03:31","date_gmt":"2026-04-17T12:03:31","guid":{"rendered":"https:\/\/jeconsommegenlis.com\/?page_id=11"},"modified":"2026-04-17T16:39:50","modified_gmt":"2026-04-17T14:39:50","slug":"devenir-adherent","status":"publish","type":"page","link":"https:\/\/jeconsommegenlis.com\/index.php\/devenir-adherent\/","title":{"rendered":"Devenir Adh\u00e9rent"},"content":{"rendered":"\t\t<div data-elementor-type=\"wp-page\" data-elementor-id=\"11\" class=\"elementor elementor-11\">\n\t\t\t\t<div class=\"elementor-element elementor-element-5ba0db3 e-flex e-con-boxed e-con e-parent\" data-id=\"5ba0db3\" data-element_type=\"container\" data-e-type=\"container\">\n\t\t\t\t\t<div class=\"e-con-inner\">\n\t\t\t\t<div class=\"elementor-element elementor-element-e97013f elementor-widget elementor-widget-heading\" data-id=\"e97013f\" data-element_type=\"widget\" data-e-type=\"widget\" data-widget_type=\"heading.default\">\n\t\t\t\t\t<h2 class=\"elementor-heading-title elementor-size-default\">Formulaire d'adh\u00e9sion<\/h2>\t\t\t\t<\/div>\n\t\t\t\t<div class=\"elementor-element elementor-element-099e63b elementor-widget elementor-widget-text-editor\" data-id=\"099e63b\" data-element_type=\"widget\" data-e-type=\"widget\" data-widget_type=\"text-editor.default\">\n\t\t\t\t\t\t\t\t\t<p data-start=\"96\" data-end=\"188\">Quelques clics suffisent pour entrer dans l\u2019aventure (et dans la team des gens sympas ).<\/p><p data-start=\"190\" data-end=\"229\">Promis, c\u2019est rapide\u2026 et sans pi\u00e8ge !<\/p><p data-start=\"231\" data-end=\"285\">Remplissez le formulaire et hop, c\u2019est parti !\u00a0<\/p>\t\t\t\t\t\t\t\t<\/div>\n\t\t\t\t<div class=\"elementor-element elementor-element-e08121c elementor-widget elementor-widget-wpforms\" data-id=\"e08121c\" data-element_type=\"widget\" data-e-type=\"widget\" data-widget_type=\"wpforms.default\">\n\t\t\t\t<div class=\"elementor-widget-container\">\n\t\t\t\t\t<div class=\"wpforms-container wpforms-container-full wpforms-render-modern\" id=\"wpforms-34\"><form id=\"wpforms-form-34\" class=\"wpforms-validate wpforms-form wpforms-ajax-form\" data-formid=\"34\" method=\"post\" enctype=\"multipart\/form-data\" action=\"\/index.php\/wp-json\/wp\/v2\/pages\/11\" data-token=\"4aef49048b352803485f09ab175c9ea0\" data-token-time=\"1777668755\"><noscript class=\"wpforms-error-noscript\">Veuillez activer JavaScript dans votre navigateur pour remplir ce formulaire.<\/noscript><div id=\"wpforms-error-noscript\" style=\"display: none;\">Veuillez activer JavaScript dans votre navigateur pour remplir ce formulaire.<\/div><div class=\"wpforms-field-container\"><div id=\"wpforms-34-field_1-container\" class=\"wpforms-field wpforms-field-name\" data-field-id=\"1\"><fieldset><legend class=\"wpforms-field-label\">Nom <span class=\"wpforms-required-label\" aria-hidden=\"true\">*<\/span><\/legend><div class=\"wpforms-field-row wpforms-field-medium\"><div class=\"wpforms-field-row-block wpforms-first wpforms-one-half\"><input type=\"text\" id=\"wpforms-34-field_1\" class=\"wpforms-field-name-first wpforms-field-required\" name=\"wpforms[fields][1][first]\" aria-errormessage=\"wpforms-34-field_1-error\" required><label for=\"wpforms-34-field_1\" class=\"wpforms-field-sublabel after\">Pr\u00e9nom<\/label><\/div><div class=\"wpforms-field-row-block wpforms-one-half\"><input type=\"text\" id=\"wpforms-34-field_1-last\" class=\"wpforms-field-name-last wpforms-field-required\" name=\"wpforms[fields][1][last]\" aria-errormessage=\"wpforms-34-field_1-last-error\" required><label for=\"wpforms-34-field_1-last\" class=\"wpforms-field-sublabel after\">Nom<\/label><\/div><\/div><\/fieldset><\/div><div id=\"wpforms-34-field_4-container\" class=\"wpforms-field wpforms-field-text\" data-field-id=\"4\"><label class=\"wpforms-field-label\" for=\"wpforms-34-field_4\">Raison Sociale <span class=\"wpforms-required-label\" aria-hidden=\"true\">*<\/span><\/label><input type=\"text\" id=\"wpforms-34-field_4\" class=\"wpforms-field-medium wpforms-field-required\" name=\"wpforms[fields][4]\" aria-errormessage=\"wpforms-34-field_4-error\" required><\/div><div id=\"wpforms-34-field_5-container\" class=\"wpforms-field wpforms-field-text\" data-field-id=\"5\"><label class=\"wpforms-field-label\" for=\"wpforms-34-field_5\">Adresse du si\u00e8ge social <span class=\"wpforms-required-label\" aria-hidden=\"true\">*<\/span><\/label><input type=\"text\" id=\"wpforms-34-field_5\" class=\"wpforms-field-medium wpforms-field-required\" name=\"wpforms[fields][5]\" aria-errormessage=\"wpforms-34-field_5-error\" required><\/div><div id=\"wpforms-34-field_6-container\" class=\"wpforms-field wpforms-field-text\" data-field-id=\"6\"><label class=\"wpforms-field-label\" for=\"wpforms-34-field_6\">T\u00e9l\u00e9phone <span class=\"wpforms-required-label\" aria-hidden=\"true\">*<\/span><\/label><input type=\"text\" id=\"wpforms-34-field_6\" class=\"wpforms-field-medium wpforms-field-required\" name=\"wpforms[fields][6]\" aria-errormessage=\"wpforms-34-field_6-error\" required><\/div>\t\t<div id=\"wpforms-34-field_8-container\"\n\t\t\tclass=\"wpforms-field wpforms-field-text\"\n\t\t\tdata-field-type=\"text\"\n\t\t\tdata-field-id=\"8\"\n\t\t\t>\n\t\t\t<label class=\"wpforms-field-label\" for=\"wpforms-34-field_8\" >message Nom internet<\/label>\n\t\t\t<input type=\"text\" id=\"wpforms-34-field_8\" class=\"wpforms-field-medium\" name=\"wpforms[fields][8]\" >\n\t\t<\/div>\n\t\t<div id=\"wpforms-34-field_2-container\" class=\"wpforms-field wpforms-field-email\" data-field-id=\"2\"><label class=\"wpforms-field-label\" for=\"wpforms-34-field_2\">E-mail <span class=\"wpforms-required-label\" aria-hidden=\"true\">*<\/span><\/label><input type=\"email\" id=\"wpforms-34-field_2\" class=\"wpforms-field-medium wpforms-field-required\" name=\"wpforms[fields][2]\" spellcheck=\"false\" aria-errormessage=\"wpforms-34-field_2-error\" required><\/div><div id=\"wpforms-34-field_7-container\" class=\"wpforms-field wpforms-field-text\" data-field-id=\"7\"><label class=\"wpforms-field-label\" for=\"wpforms-34-field_7\">Site internet<\/label><input type=\"text\" id=\"wpforms-34-field_7\" class=\"wpforms-field-medium\" name=\"wpforms[fields][7]\" aria-errormessage=\"wpforms-34-field_7-error\" ><\/div><div id=\"wpforms-34-field_3-container\" class=\"wpforms-field wpforms-field-textarea\" data-field-id=\"3\"><label class=\"wpforms-field-label\" for=\"wpforms-34-field_3\">Commentaire ou message<\/label><textarea id=\"wpforms-34-field_3\" class=\"wpforms-field-medium\" name=\"wpforms[fields][3]\" aria-errormessage=\"wpforms-34-field_3-error\" ><\/textarea><\/div><script>\n\t\t\t\t( function() {\n\t\t\t\t\tconst style = document.createElement( 'style' );\n\t\t\t\t\tstyle.appendChild( document.createTextNode( '#wpforms-34-field_8-container { position: absolute !important; overflow: hidden !important; display: inline !important; height: 1px !important; width: 1px !important; z-index: -1000 !important; padding: 0 !important; } #wpforms-34-field_8-container input { visibility: hidden; } #wpforms-conversational-form-page #wpforms-34-field_8-container label { counter-increment: none; }' ) );\n\t\t\t\t\tdocument.head.appendChild( style );\n\t\t\t\t\tdocument.currentScript?.remove();\n\t\t\t\t} )();\n\t\t\t<\/script><\/div><!-- .wpforms-field-container --><div class=\"wpforms-submit-container\" ><input type=\"hidden\" name=\"wpforms[id]\" value=\"34\"><input type=\"hidden\" name=\"page_title\" value=\"\"><input type=\"hidden\" name=\"page_url\" value=\"https:\/\/jeconsommegenlis.com\/index.php\/wp-json\/wp\/v2\/pages\/11\"><input type=\"hidden\" name=\"url_referer\" value=\"\"><button type=\"submit\" name=\"wpforms[submit]\" id=\"wpforms-submit-34\" class=\"wpforms-submit\" data-alt-text=\"Envoi...\" data-submit-text=\"Envoyer\" aria-live=\"assertive\" value=\"wpforms-submit\">Envoyer<\/button><img decoding=\"async\" src=\"https:\/\/jeconsommegenlis.com\/wp-content\/plugins\/wpforms-lite\/assets\/images\/submit-spin.svg\" class=\"wpforms-submit-spinner\" style=\"display: none;\" width=\"26\" height=\"26\" alt=\"Chargement en cours\"><\/div><\/form><\/div>  <!-- .wpforms-container -->\t\t\t\t<\/div>\n\t\t\t\t<\/div>\n\t\t\t\t\t<\/div>\n\t\t\t\t<\/div>\n\t\t<div class=\"elementor-element elementor-element-60d31ee e-flex e-con-boxed e-con e-parent\" data-id=\"60d31ee\" data-element_type=\"container\" data-e-type=\"container\">\n\t\t\t\t\t<div class=\"e-con-inner\">\n\t\t\t\t<div class=\"elementor-element elementor-element-e94af83 elementor-widget elementor-widget-text-editor\" data-id=\"e94af83\" data-element_type=\"widget\" data-e-type=\"widget\" data-widget_type=\"text-editor.default\">\n\t\t\t\t\t\t\t\t\t<p data-start=\"84\" data-end=\"318\">L\u2019adh\u00e9sion est fix\u00e9e \u00e0 <strong data-start=\"136\" data-end=\"144\">60 \u20ac<\/strong> pour l\u2019ann\u00e9e. Un petit investissement qui vous ouvre les portes de nombreux avantages : acc\u00e8s \u00e0 nos activit\u00e9s, \u00e9v\u00e9nements, moments conviviaux et bien d\u2019autres surprises\u00a0<\/p><p data-start=\"320\" data-end=\"448\">Rejoindre l\u2019aventure, c\u2019est surtout faire partie d\u2019une belle communaut\u00e9 et profiter pleinement de tout ce que nous proposons !<\/p>\t\t\t\t\t\t\t\t<\/div>\n\t\t\t\t\t<\/div>\n\t\t\t\t<\/div>\n\t\t\t\t<\/div>\n\t\t","protected":false},"excerpt":{"rendered":"<p>Formulaire d&rsquo;adh\u00e9sion Quelques clics suffisent pour entrer dans l\u2019aventure (et dans la team des gens sympas ). Promis, c\u2019est rapide\u2026 et sans pi\u00e8ge ! Remplissez le formulaire et hop, c\u2019est parti !\u00a0 Veuillez activer JavaScript dans votre navigateur pour remplir ce formulaire.Veuillez activer JavaScript dans votre navigateur pour remplir ce formulaire. Nom * Pr\u00e9nomNom Raison Sociale *Adresse du si\u00e8ge social *T\u00e9l\u00e9phone *E-mail *Site internetCommentaire ou message Envoyer L\u2019adh\u00e9sion est fix\u00e9e \u00e0 60 \u20ac pour l\u2019ann\u00e9e. Un petit investissement qui vous ouvre les portes de nombreux avantages : acc\u00e8s \u00e0 nos activit\u00e9s, \u00e9v\u00e9nements, moments conviviaux et bien d\u2019autres surprises\u00a0 Rejoindre l\u2019aventure, c\u2019est surtout faire partie d\u2019une belle communaut\u00e9 et profiter pleinement de tout ce que nous proposons !<\/p>\n","protected":false},"author":1,"featured_media":0,"parent":0,"menu_order":0,"comment_status":"closed","ping_status":"closed","template":"","meta":{"footnotes":""},"class_list":["post-11","page","type-page","status-publish"],"_links":{"self":[{"href":"https:\/\/jeconsommegenlis.com\/index.php\/wp-json\/wp\/v2\/pages\/11","targetHints":{"allow":["GET"]}}],"collection":[{"href":"https:\/\/jeconsommegenlis.com\/index.php\/wp-json\/wp\/v2\/pages"}],"about":[{"href":"https:\/\/jeconsommegenlis.com\/index.php\/wp-json\/wp\/v2\/types\/page"}],"author":[{"embeddable":true,"href":"https:\/\/jeconsommegenlis.com\/index.php\/wp-json\/wp\/v2\/users\/1"}],"replies":[{"embeddable":true,"href":"https:\/\/jeconsommegenlis.com\/index.php\/wp-json\/wp\/v2\/comments?post=11"}],"version-history":[{"count":4,"href":"https:\/\/jeconsommegenlis.com\/index.php\/wp-json\/wp\/v2\/pages\/11\/revisions"}],"predecessor-version":[{"id":45,"href":"https:\/\/jeconsommegenlis.com\/index.php\/wp-json\/wp\/v2\/pages\/11\/revisions\/45"}],"wp:attachment":[{"href":"https:\/\/jeconsommegenlis.com\/index.php\/wp-json\/wp\/v2\/media?parent=11"}],"curies":[{"name":"wp","href":"https:\/\/api.w.org\/{rel}","templated":true}]}}